{"id":765,"date":"2025-11-04T23:04:22","date_gmt":"2025-11-04T22:04:22","guid":{"rendered":"https:\/\/kiwiwiki.kiwanis.eu\/?page_id=765"},"modified":"2025-11-04T23:06:06","modified_gmt":"2025-11-04T22:06:06","slug":"home-wiki-it","status":"publish","type":"page","link":"https:\/\/kiwiwiki.kiwanis.eu\/index.php\/it\/home-wiki-it\/","title":{"rendered":"Home Wiki IT"},"content":{"rendered":"\n<p>IT<br>Questo \u00e8 il sito Kiwanis Wiki che contiene i progetti gestiti dai Kiwanis Club in Europa. <strong>Il sito \u00e8 in fase di sviluppo.<\/strong> Per domande o commenti, contattare l&#8217;ufficio Kiwanis Gent. <\/p>\n\n\n\n<p><em>NL<\/em><br><em>Dit is de Kiwanis Wiki site met projecten zoals uitgevoerd door Kiwanis Clubs in Europa. <strong>Deze site is in ontwikkeling<\/strong>. Mocht je vragen hebben neem contact op met de secretaris van District Nederland.<\/em><\/p>\n\n\n\n<p>EN<br><em>This is the Kiwanis Wiki site containing project run by Kiwanis Clubs in Europe. <strong>This site is in development.<\/strong> Should you have questions or remarks contact the Kiwanis Gent office. <\/em><br><br>DE<br>Dies ist die Kiwanis-Wiki-Website mit Projekten, die von Kiwanis-Clubs in Europa durchgef\u00fchrt werden. <strong>Diese Website befindet sich derzeit im Aufbau.<\/strong> Bei Fragen oder Anmerkungen wenden Sie sich bitte an das Kiwanis-B\u00fcro in Gent. <em><br><\/em><br>FR<br>Ce site Kiwanis Wiki pr\u00e9sente les projets men\u00e9s par les clubs Kiwanis en Europe. <strong>Ce site est en cours de d\u00e9veloppement.<\/strong> Pour toute question ou remarque, veuillez contacter le bureau Kiwanis Gent.<\/p>\n","protected":false},"excerpt":{"rendered":"<p>ITQuesto \u00e8 il sito Kiwanis Wiki che contiene i progetti gestiti dai Kiwanis Club in Europa. Il sito \u00e8 in fase di sviluppo. Per domande o commenti, contattare l&#8217;ufficio Kiwanis Gent. NLDit is de Kiwanis Wiki site met projecten zoals uitgevoerd door Kiwanis Clubs in Europa. Deze site is in ontwikkeling. Mocht je vragen hebben [&hellip;]<\/p>\n","protected":false},"author":2,"featured_media":0,"parent":0,"menu_order":0,"comment_status":"closed","ping_status":"closed","template":"","meta":{"footnotes":""},"wf_page_folders":[],"class_list":["post-765","page","type-page","status-publish","hentry"],"_links":{"self":[{"href":"https:\/\/kiwiwiki.kiwanis.eu\/index.php\/wp-json\/wp\/v2\/pages\/765","targetHints":{"allow":["GET"]}}],"collection":[{"href":"https:\/\/kiwiwiki.kiwanis.eu\/index.php\/wp-json\/wp\/v2\/pages"}],"about":[{"href":"https:\/\/kiwiwiki.kiwanis.eu\/index.php\/wp-json\/wp\/v2\/types\/page"}],"author":[{"embeddable":true,"href":"https:\/\/kiwiwiki.kiwanis.eu\/index.php\/wp-json\/wp\/v2\/users\/2"}],"replies":[{"embeddable":true,"href":"https:\/\/kiwiwiki.kiwanis.eu\/index.php\/wp-json\/wp\/v2\/comments?post=765"}],"version-history":[{"count":2,"href":"https:\/\/kiwiwiki.kiwanis.eu\/index.php\/wp-json\/wp\/v2\/pages\/765\/revisions"}],"predecessor-version":[{"id":768,"href":"https:\/\/kiwiwiki.kiwanis.eu\/index.php\/wp-json\/wp\/v2\/pages\/765\/revisions\/768"}],"wp:attachment":[{"href":"https:\/\/kiwiwiki.kiwanis.eu\/index.php\/wp-json\/wp\/v2\/media?parent=765"}],"wp:term":[{"taxonomy":"wf_page_folders","embeddable":true,"href":"https:\/\/kiwiwiki.kiwanis.eu\/index.php\/wp-json\/wp\/v2\/wf_page_folders?post=765"}],"curies":[{"name":"wp","href":"https:\/\/api.w.org\/{rel}","templated":true}]}}